{"id":25,"date":"2023-05-29T16:42:52","date_gmt":"2023-05-29T16:42:52","guid":{"rendered":"https:\/\/fredon-picardie.fr\/?page_id=25"},"modified":"2023-05-29T16:42:52","modified_gmt":"2023-05-29T16:42:52","slug":"fredon-picardie","status":"publish","type":"page","link":"https:\/\/fredon-picardie.fr\/","title":{"rendered":"FREDON PICARDIE"},"content":{"rendered":"\n<p> <p>La FREDON Picardie, \u00e9galement connue sous le nom de F\u00e9d\u00e9ration R\u00e9gionale de D\u00e9fense contre les Organismes Nuisibles de Picardie, est une structure sp\u00e9cialis\u00e9e dans la protection des v\u00e9g\u00e9taux et la lutte contre les organismes nuisibles en r\u00e9gion Picardie, en France. Elle fait partie du r\u00e9seau national des FREDON (F\u00e9d\u00e9rations R\u00e9gionales de D\u00e9fense contre les Organismes Nuisibles).<\/p>   <p>La FREDON Picardie joue un r\u00f4le important dans la surveillance, la pr\u00e9vention et la gestion des bioagresseurs, tels que les insectes ravageurs, les maladies des plantes, les mauvaises herbes invasives, etc. Elle travaille en \u00e9troite collaboration avec les agriculteurs, les jardiniers, les collectivit\u00e9s locales, les entreprises du secteur agricole, ainsi que les services de l&rsquo;\u00c9tat et les organismes de recherche.<\/p>   <p>Les principales missions de la FREDON Picardie comprennent la veille sanitaire, la r\u00e9alisation d&rsquo;enqu\u00eates et de diagnostics, la mise en place de mesures de lutte int\u00e9gr\u00e9e, la sensibilisation et la formation des acteurs du secteur agricole, ainsi que la promotion des bonnes pratiques en mati\u00e8re de protection des v\u00e9g\u00e9taux.<\/p>   <p>La FREDON Picardie est une organisation r\u00e9gionale qui vise \u00e0 pr\u00e9server la sant\u00e9 des v\u00e9g\u00e9taux et \u00e0 limiter les impacts des organismes nuisibles sur l&rsquo;agriculture, l&rsquo;environnement et la sant\u00e9 publique dans la r\u00e9gion de Picardie.<\/p>   <p>Un des r\u00f4les principaux de la FREDON Picardie est par exemple la lutte contre les insectes invasifs et la <a href=\"https:\/\/allo-frelons.fr\/destruction-des-nids-de-guepes-et-frelons-dans-loise-60\">destruction des nids de frelons asiatiques dans le d\u00e9partement de l&rsquo;Oise (60)<\/a>.<\/p>   <p>L&rsquo;organisme intervient dans les d\u00e9partements de l&rsquo;Oise (60), l&rsquo;Aisne (02), la Somme (80). Aujourd&rsquo;hui, les comp\u00e9tences rejoignent celles du Fredon Hauts-de-France, avec le Nord (59) et le Pas de Calais (62).<\/p> <\/p>\n","protected":false},"excerpt":{"rendered":"<p>La FREDON Picardie, \u00e9galement connue sous le nom de F\u00e9d\u00e9ration R\u00e9gionale de D\u00e9fense contre les Organismes Nuisibles de Picardie, est<\/p>\n","protected":false},"author":1,"featured_media":0,"parent":0,"menu_order":0,"comment_status":"closed","ping_status":"closed","template":"","meta":{"colormag_page_container_layout":"default_layout","colormag_page_sidebar_layout":"default_layout","footnotes":""},"class_list":["post-25","page","type-page","status-publish","hentry"],"_links":{"self":[{"href":"https:\/\/fredon-picardie.fr\/index.php\/wp-json\/wp\/v2\/pages\/25","targetHints":{"allow":["GET"]}}],"collection":[{"href":"https:\/\/fredon-picardie.fr\/index.php\/wp-json\/wp\/v2\/pages"}],"about":[{"href":"https:\/\/fredon-picardie.fr\/index.php\/wp-json\/wp\/v2\/types\/page"}],"author":[{"embeddable":true,"href":"https:\/\/fredon-picardie.fr\/index.php\/wp-json\/wp\/v2\/users\/1"}],"replies":[{"embeddable":true,"href":"https:\/\/fredon-picardie.fr\/index.php\/wp-json\/wp\/v2\/comments?post=25"}],"version-history":[{"count":1,"href":"https:\/\/fredon-picardie.fr\/index.php\/wp-json\/wp\/v2\/pages\/25\/revisions"}],"predecessor-version":[{"id":26,"href":"https:\/\/fredon-picardie.fr\/index.php\/wp-json\/wp\/v2\/pages\/25\/revisions\/26"}],"wp:attachment":[{"href":"https:\/\/fredon-picardie.fr\/index.php\/wp-json\/wp\/v2\/media?parent=25"}],"curies":[{"name":"wp","href":"https:\/\/api.w.org\/{rel}","templated":true}]}}